{"id":15,"date":"2021-02-02T19:27:06","date_gmt":"2021-02-02T19:27:06","guid":{"rendered":"https:\/\/kainasto.fi\/wp-ylistaro\/?page_id=15"},"modified":"2021-03-14T20:27:29","modified_gmt":"2021-03-14T20:27:29","slug":"kirkonkyla","status":"publish","type":"page","link":"https:\/\/kainasto.fi\/wp-ylistaro\/kirkonkyla\/","title":{"rendered":"Kirkonkyl\u00e4n tontit"},"content":{"rendered":"\n<p>Kirkonkyl\u00e4n tonttien yhteyshenkil\u00f6 on Mikko Takala<\/p>\n\n\n\n<p>Kuvaa klikkaamalla p\u00e4\u00e4set maanmittauslaitoksen karttapaikalle. <a href=\"https:\/\/goo.gl\/maps\/xzz6n2u1EpdKTZX4A\" data-type=\"URL\" data-id=\"https:\/\/goo.gl\/maps\/xzz6n2u1EpdKTZX4A\">Valokuva Google Maps<\/a><\/p>\n\n\n\n<figure class=\"wp-block-image size-large\"><a href=\"https:\/\/asiointi.maanmittauslaitos.fi\/karttapaikka\/?lang=fi&amp;share=customMarker&amp;n=6985758.354350082&amp;e=274452.17938397184&amp;title=V%C3%A4stil%C3%A4nkuja&amp;desc=&amp;zoom=10&amp;layers=%5B%7B%22id%22:4,%22opacity%22:75%7D,%7B%22id%22:2,%22opacity%22:100%7D%5D\" target=\"_blank\" rel=\"noopener\"><img loading=\"lazy\" decoding=\"async\" width=\"1024\" height=\"572\" src=\"https:\/\/kainasto.fi\/wp-ylistaro\/wp-content\/uploads\/2021\/03\/Vastilankuja-1024x572.jpg\" alt=\"\" class=\"wp-image-89\" srcset=\"https:\/\/kainasto.fi\/wp-ylistaro\/wp-content\/uploads\/2021\/03\/Vastilankuja-1024x572.jpg 1024w, https:\/\/kainasto.fi\/wp-ylistaro\/wp-content\/uploads\/2021\/03\/Vastilankuja-300x168.jpg 300w, https:\/\/kainasto.fi\/wp-ylistaro\/wp-content\/uploads\/2021\/03\/Vastilankuja-768x429.jpg 768w, https:\/\/kainasto.fi\/wp-ylistaro\/wp-content\/uploads\/2021\/03\/Vastilankuja-1170x653.jpg 1170w, https:\/\/kainasto.fi\/wp-ylistaro\/wp-content\/uploads\/2021\/03\/Vastilankuja.jpg 1273w\" sizes=\"auto, (max-width: 1024px) 100vw, 1024px\" \/><\/a><\/figure>\n","protected":false},"excerpt":{"rendered":"<p>Kirkonkyl\u00e4n tonttien yhteyshenkil\u00f6 on Mikko Takala Kuvaa klikkaamalla p\u00e4\u00e4set maanmittauslaitoksen karttapaikalle. Valokuva Google Maps<\/p>\n","protected":false},"author":1,"featured_media":0,"parent":0,"menu_order":0,"comment_status":"closed","ping_status":"closed","template":"","meta":{"footnotes":""},"class_list":["post-15","page","type-page","status-publish","hentry",""],"_links":{"self":[{"href":"https:\/\/kainasto.fi\/wp-ylistaro\/wp-json\/wp\/v2\/pages\/15","targetHints":{"allow":["GET"]}}],"collection":[{"href":"https:\/\/kainasto.fi\/wp-ylistaro\/wp-json\/wp\/v2\/pages"}],"about":[{"href":"https:\/\/kainasto.fi\/wp-ylistaro\/wp-json\/wp\/v2\/types\/page"}],"author":[{"embeddable":true,"href":"https:\/\/kainasto.fi\/wp-ylistaro\/wp-json\/wp\/v2\/users\/1"}],"replies":[{"embeddable":true,"href":"https:\/\/kainasto.fi\/wp-ylistaro\/wp-json\/wp\/v2\/comments?post=15"}],"version-history":[{"count":6,"href":"https:\/\/kainasto.fi\/wp-ylistaro\/wp-json\/wp\/v2\/pages\/15\/revisions"}],"predecessor-version":[{"id":96,"href":"https:\/\/kainasto.fi\/wp-ylistaro\/wp-json\/wp\/v2\/pages\/15\/revisions\/96"}],"wp:attachment":[{"href":"https:\/\/kainasto.fi\/wp-ylistaro\/wp-json\/wp\/v2\/media?parent=15"}],"curies":[{"name":"wp","href":"https:\/\/api.w.org\/{rel}","templated":true}]}}