{"id":199,"date":"2021-07-01T19:06:18","date_gmt":"2021-07-01T19:06:18","guid":{"rendered":"https:\/\/kainasto.fi\/wp-ylistaro\/?page_id=199"},"modified":"2021-07-05T20:22:19","modified_gmt":"2021-07-05T20:22:19","slug":"ylistaro-racing","status":"publish","type":"page","link":"https:\/\/kainasto.fi\/wp-ylistaro\/ylistaro-racing\/","title":{"rendered":"Ylistaro Racing"},"content":{"rendered":"\n<p class=\"has-text-align-left has-large-font-size\">Asemanseutu<\/p>\n\n\n\n<figure class=\"wp-block-image size-large is-resized\"><img loading=\"lazy\" decoding=\"async\" src=\"https:\/\/kainasto.fi\/wp-ylistaro\/wp-content\/uploads\/2021\/07\/ylistaroracing_asema-4.jpg\" alt=\"\" class=\"wp-image-241\" width=\"724\" height=\"459\" srcset=\"https:\/\/kainasto.fi\/wp-ylistaro\/wp-content\/uploads\/2021\/07\/ylistaroracing_asema-4.jpg 642w, https:\/\/kainasto.fi\/wp-ylistaro\/wp-content\/uploads\/2021\/07\/ylistaroracing_asema-4-300x190.jpg 300w\" sizes=\"auto, (max-width: 724px) 100vw, 724px\" \/><\/figure>\n\n\n\n<hr class=\"wp-block-separator is-style-wide\"\/>\n\n\n\n<p class=\"has-large-font-size\">Kitinoja<\/p>\n\n\n\n<figure class=\"wp-block-image size-large\"><img loading=\"lazy\" decoding=\"async\" width=\"716\" height=\"891\" src=\"https:\/\/kainasto.fi\/wp-ylistaro\/wp-content\/uploads\/2021\/07\/Kitinoja-1.png\" alt=\"\" class=\"wp-image-235\" srcset=\"https:\/\/kainasto.fi\/wp-ylistaro\/wp-content\/uploads\/2021\/07\/Kitinoja-1.png 716w, https:\/\/kainasto.fi\/wp-ylistaro\/wp-content\/uploads\/2021\/07\/Kitinoja-1-241x300.png 241w\" sizes=\"auto, (max-width: 716px) 100vw, 716px\" \/><\/figure>\n\n\n\n<hr class=\"wp-block-separator is-style-wide\"\/>\n\n\n\n<figure class=\"wp-block-image size-large is-resized\"><img loading=\"lazy\" decoding=\"async\" src=\"https:\/\/kainasto.fi\/wp-ylistaro\/wp-content\/uploads\/2021\/07\/Jarviranta-YR2021-1024x487.jpg\" alt=\"\" class=\"wp-image-215\" width=\"968\" height=\"500\"\/><\/figure>\n\n\n\n<p><strong>Ylistaron Mets\u00e4stysseuran maja &amp; ampumarata<\/strong><\/p>\n\n\n\n<p style=\"font-size:10px;line-height:1.1\">Mets\u00e4stysmaja sijaitsee J\u00e4rvirannalla ampumaradan yhteydess\u00e4 (Ampujaintie 62, 61450 KYL\u00c4NP\u00c4\u00c4)<br>Ylistaron Mets\u00e4stysseura on perustettu 26.8.1940<br>&#8211; Ylistaron mets\u00e4stysseurassa on tavallisten j\u00e4senten lis\u00e4ksi kunniaj\u00e4seni\u00e4, vuosikorttilaisia, maanomistajan vuosikorttilaisia ja ampujaj\u00e4seni\u00e4.<br>&#8211; J\u00e4senm\u00e4\u00e4r\u00e4 on yhteens\u00e4 noin 450 henkil\u00f6\u00e4.<br>&#8211; Mets\u00e4stysalueita on noin 22000 hehtaaria- Maja valmistui kes\u00e4ll\u00e4 2014. Siit\u00e4 l\u00f6ytyy n.70 neli\u00f6n kokoustila, keitti\u00f6, toimisto, &nbsp; WC:t, pukuhuone, pesuhuone ja sauna<br>&#8211; Kilpailujen aikana maja toimii kisatoimistona ja kioskina.<br>&nbsp; Majalla j\u00e4rjestet\u00e4\u00e4n kokouksia, mets\u00e4st\u00e4j\u00e4tutkintoja ja se on my\u00f6s koirakokeiden kokoontumispaikkana ym. seuran toiminnassa.<br>&#8211; Majaa voi k\u00e4ytt\u00e4\u00e4 my\u00f6s ulkopuoliset sopimuksen mukaan.<br>&#8211; Vanha maja on my\u00f6s paikoillaan ja se toimii lis\u00e4tilana ja makuupaikkana y\u00f6pymist\u00e4 tarvitseville.<br>Seura kuuluu j\u00e4senen\u00e4:<br>Suomen mets\u00e4st\u00e4j\u00e4liiton Pohjanmaan piiriin<br>Suomen kennelliiton Etel\u00e4-Pohjanmaan piiriin<br>Ylistaron mets\u00e4stysseuran lis\u00e4ksi Ylistaron alueella toimii my\u00f6s:<br><a href=\"http:\/\/www.yams.fi\/\">Alap\u00e4\u00e4n mets\u00e4stysseur<\/a>a<br>Kitinojan mets\u00e4stysseura<br>Kainaston mets\u00e4stysseura<br>Untamalan mets\u00e4stysseura<br><a href=\"http:\/\/www.ylistaronampujat.net\/\">Ylistaron ampuja<\/a>t<br>Ampumarata<br>&#8211; Nelj\u00e4 Skeet rataa<br>&#8211; Kolme Trap rataa<br>&#8211; Compak sporting-rata<br>&#8211; Hirvirata<br>&#8211; Luodikkorata<br>&#8211; Pienoishirvirata<br>&#8211; Pienoiskiv\u00e4\u00e4rirata<br>&#8211; Pistoolirata<br>J\u00e4rjest\u00e4mme ammuntap\u00e4ivi\u00e4 my\u00f6s naapuriseuroille ja muille ulkopuolisille porukoille sopimuksen mukaan www.ylistaronmetsastysseura.fi<\/p>\n\n\n\n<hr class=\"wp-block-separator is-style-wide\"\/>\n\n\n\n<figure class=\"wp-block-image size-large\"><img loading=\"lazy\" decoding=\"async\" width=\"653\" height=\"638\" src=\"https:\/\/kainasto.fi\/wp-ylistaro\/wp-content\/uploads\/2021\/07\/Untamala-YR2021.jpg\" alt=\"\" class=\"wp-image-226\" srcset=\"https:\/\/kainasto.fi\/wp-ylistaro\/wp-content\/uploads\/2021\/07\/Untamala-YR2021.jpg 653w, https:\/\/kainasto.fi\/wp-ylistaro\/wp-content\/uploads\/2021\/07\/Untamala-YR2021-300x293.jpg 300w\" sizes=\"auto, (max-width: 653px) 100vw, 653px\" \/><\/figure>\n\n\n\n<hr class=\"wp-block-separator is-style-wide\"\/>\n\n\n\n<figure class=\"wp-block-image size-large\"><img loading=\"lazy\" decoding=\"async\" width=\"1024\" height=\"524\" src=\"https:\/\/kainasto.fi\/wp-ylistaro\/wp-content\/uploads\/2021\/07\/Alapaa-YR2021-1-1024x524.jpg\" alt=\"\" class=\"wp-image-214\" srcset=\"https:\/\/kainasto.fi\/wp-ylistaro\/wp-content\/uploads\/2021\/07\/Alapaa-YR2021-1-1024x524.jpg 1024w, https:\/\/kainasto.fi\/wp-ylistaro\/wp-content\/uploads\/2021\/07\/Alapaa-YR2021-1-300x153.jpg 300w, https:\/\/kainasto.fi\/wp-ylistaro\/wp-content\/uploads\/2021\/07\/Alapaa-YR2021-1-768x393.jpg 768w, https:\/\/kainasto.fi\/wp-ylistaro\/wp-content\/uploads\/2021\/07\/Alapaa-YR2021-1.jpg 1152w\" sizes=\"auto, (max-width: 1024px) 100vw, 1024px\" \/><\/figure>\n\n\n\n<hr class=\"wp-block-separator is-style-wide\"\/>\n\n\n\n<figure class=\"wp-block-image size-large\"><img loading=\"lazy\" decoding=\"async\" width=\"883\" height=\"598\" src=\"https:\/\/kainasto.fi\/wp-ylistaro\/wp-content\/uploads\/2021\/07\/Hanhikoski-YR2021-1.jpg\" alt=\"\" class=\"wp-image-213\" srcset=\"https:\/\/kainasto.fi\/wp-ylistaro\/wp-content\/uploads\/2021\/07\/Hanhikoski-YR2021-1.jpg 883w, https:\/\/kainasto.fi\/wp-ylistaro\/wp-content\/uploads\/2021\/07\/Hanhikoski-YR2021-1-300x203.jpg 300w, https:\/\/kainasto.fi\/wp-ylistaro\/wp-content\/uploads\/2021\/07\/Hanhikoski-YR2021-1-768x520.jpg 768w\" sizes=\"auto, (max-width: 883px) 100vw, 883px\" \/><\/figure>\n\n\n\n<hr class=\"wp-block-separator is-style-wide\"\/>\n\n\n\n<figure class=\"wp-block-image size-large\"><img loading=\"lazy\" decoding=\"async\" width=\"1024\" height=\"590\" src=\"https:\/\/kainasto.fi\/wp-ylistaro\/wp-content\/uploads\/2021\/07\/Kainasto-YR2021-1024x590.jpg\" alt=\"\" class=\"wp-image-216\" srcset=\"https:\/\/kainasto.fi\/wp-ylistaro\/wp-content\/uploads\/2021\/07\/Kainasto-YR2021-1024x590.jpg 1024w, https:\/\/kainasto.fi\/wp-ylistaro\/wp-content\/uploads\/2021\/07\/Kainasto-YR2021-300x173.jpg 300w, https:\/\/kainasto.fi\/wp-ylistaro\/wp-content\/uploads\/2021\/07\/Kainasto-YR2021-768x443.jpg 768w, https:\/\/kainasto.fi\/wp-ylistaro\/wp-content\/uploads\/2021\/07\/Kainasto-YR2021-330x190.jpg 330w, https:\/\/kainasto.fi\/wp-ylistaro\/wp-content\/uploads\/2021\/07\/Kainasto-YR2021-783x450.jpg 783w, https:\/\/kainasto.fi\/wp-ylistaro\/wp-content\/uploads\/2021\/07\/Kainasto-YR2021.jpg 1083w\" sizes=\"auto, (max-width: 1024px) 100vw, 1024px\" \/><\/figure>\n\n\n\n<hr class=\"wp-block-separator is-style-wide\"\/>\n\n\n\n<figure class=\"wp-block-image size-large\"><img loading=\"lazy\" decoding=\"async\" width=\"917\" height=\"526\" src=\"https:\/\/kainasto.fi\/wp-ylistaro\/wp-content\/uploads\/2021\/07\/Kirkonkyla-YR2021.jpg\" alt=\"\" class=\"wp-image-217\" srcset=\"https:\/\/kainasto.fi\/wp-ylistaro\/wp-content\/uploads\/2021\/07\/Kirkonkyla-YR2021.jpg 917w, https:\/\/kainasto.fi\/wp-ylistaro\/wp-content\/uploads\/2021\/07\/Kirkonkyla-YR2021-300x172.jpg 300w, https:\/\/kainasto.fi\/wp-ylistaro\/wp-content\/uploads\/2021\/07\/Kirkonkyla-YR2021-768x441.jpg 768w, https:\/\/kainasto.fi\/wp-ylistaro\/wp-content\/uploads\/2021\/07\/Kirkonkyla-YR2021-330x190.jpg 330w, https:\/\/kainasto.fi\/wp-ylistaro\/wp-content\/uploads\/2021\/07\/Kirkonkyla-YR2021-783x450.jpg 783w\" sizes=\"auto, (max-width: 917px) 100vw, 917px\" \/><\/figure>\n\n\n\n<hr class=\"wp-block-separator is-style-wide\"\/>\n\n\n\n<p class=\"has-large-font-size\">Kyl\u00e4np\u00e4\u00e4nkosken pato<\/p>\n\n\n\n<figure class=\"wp-block-image size-large\"><img loading=\"lazy\" decoding=\"async\" width=\"1024\" height=\"939\" src=\"https:\/\/kainasto.fi\/wp-ylistaro\/wp-content\/uploads\/2021\/07\/kylanpaankosken-patoa-1-1024x939.jpg\" alt=\"\" class=\"wp-image-231\" srcset=\"https:\/\/kainasto.fi\/wp-ylistaro\/wp-content\/uploads\/2021\/07\/kylanpaankosken-patoa-1-1024x939.jpg 1024w, https:\/\/kainasto.fi\/wp-ylistaro\/wp-content\/uploads\/2021\/07\/kylanpaankosken-patoa-1-300x275.jpg 300w, https:\/\/kainasto.fi\/wp-ylistaro\/wp-content\/uploads\/2021\/07\/kylanpaankosken-patoa-1-768x704.jpg 768w, https:\/\/kainasto.fi\/wp-ylistaro\/wp-content\/uploads\/2021\/07\/kylanpaankosken-patoa-1-1536x1408.jpg 1536w, https:\/\/kainasto.fi\/wp-ylistaro\/wp-content\/uploads\/2021\/07\/kylanpaankosken-patoa-1-1170x1073.jpg 1170w, https:\/\/kainasto.fi\/wp-ylistaro\/wp-content\/uploads\/2021\/07\/kylanpaankosken-patoa-1.jpg 1707w\" sizes=\"auto, (max-width: 1024px) 100vw, 1024px\" \/><\/figure>\n\n\n\n<hr class=\"wp-block-separator is-style-wide\"\/>\n\n\n\n<p class=\"has-large-font-size\">Maijan navetta<\/p>\n\n\n\n<figure class=\"wp-block-image size-large\"><img loading=\"lazy\" decoding=\"async\" width=\"1024\" height=\"927\" src=\"https:\/\/kainasto.fi\/wp-ylistaro\/wp-content\/uploads\/2021\/07\/Maijan-navetta-1024x927.jpg\" alt=\"\" class=\"wp-image-219\" srcset=\"https:\/\/kainasto.fi\/wp-ylistaro\/wp-content\/uploads\/2021\/07\/Maijan-navetta-1024x927.jpg 1024w, https:\/\/kainasto.fi\/wp-ylistaro\/wp-content\/uploads\/2021\/07\/Maijan-navetta-300x272.jpg 300w, https:\/\/kainasto.fi\/wp-ylistaro\/wp-content\/uploads\/2021\/07\/Maijan-navetta-768x695.jpg 768w, https:\/\/kainasto.fi\/wp-ylistaro\/wp-content\/uploads\/2021\/07\/Maijan-navetta-1536x1390.jpg 1536w, https:\/\/kainasto.fi\/wp-ylistaro\/wp-content\/uploads\/2021\/07\/Maijan-navetta-1170x1059.jpg 1170w, https:\/\/kainasto.fi\/wp-ylistaro\/wp-content\/uploads\/2021\/07\/Maijan-navetta.jpg 1790w\" sizes=\"auto, (max-width: 1024px) 100vw, 1024px\" \/><\/figure>\n\n\n\n<hr class=\"wp-block-separator is-style-wide\"\/>\n\n\n\n<figure class=\"wp-block-image size-large\"><img loading=\"lazy\" decoding=\"async\" width=\"1024\" height=\"443\" src=\"https:\/\/kainasto.fi\/wp-ylistaro\/wp-content\/uploads\/2021\/07\/Pouttula-YR2021-1024x443.jpg\" alt=\"\" class=\"wp-image-220\" srcset=\"https:\/\/kainasto.fi\/wp-ylistaro\/wp-content\/uploads\/2021\/07\/Pouttula-YR2021-1024x443.jpg 1024w, https:\/\/kainasto.fi\/wp-ylistaro\/wp-content\/uploads\/2021\/07\/Pouttula-YR2021-300x130.jpg 300w, https:\/\/kainasto.fi\/wp-ylistaro\/wp-content\/uploads\/2021\/07\/Pouttula-YR2021-768x333.jpg 768w, https:\/\/kainasto.fi\/wp-ylistaro\/wp-content\/uploads\/2021\/07\/Pouttula-YR2021.jpg 1090w\" sizes=\"auto, (max-width: 1024px) 100vw, 1024px\" \/><\/figure>\n","protected":false},"excerpt":{"rendered":"<p>Asemanseutu Kitinoja Ylistaron Mets\u00e4stysseuran maja &amp; ampumarata Mets\u00e4stysmaja sijaitsee J\u00e4rvirannalla ampumaradan yhteydess\u00e4 (Ampujaintie 62, 61450 KYL\u00c4NP\u00c4\u00c4)Ylistaron Mets\u00e4stysseura on perustettu 26.8.1940&#8211; Ylistaron mets\u00e4stysseurassa on tavallisten j\u00e4senten lis\u00e4ksi kunniaj\u00e4seni\u00e4, vuosikorttilaisia, maanomistajan vuosikorttilaisia ja ampujaj\u00e4seni\u00e4.&#8211; J\u00e4senm\u00e4\u00e4r\u00e4 on yhteens\u00e4 noin 450 henkil\u00f6\u00e4.&#8211; Mets\u00e4stysalueita on noin 22000 hehtaaria- Maja valmistui kes\u00e4ll\u00e4 2014. Siit\u00e4 l\u00f6ytyy n.70<\/p>\n","protected":false},"author":1,"featured_media":0,"parent":0,"menu_order":0,"comment_status":"closed","ping_status":"closed","template":"","meta":{"footnotes":""},"class_list":["post-199","page","type-page","status-publish","hentry",""],"_links":{"self":[{"href":"https:\/\/kainasto.fi\/wp-ylistaro\/wp-json\/wp\/v2\/pages\/199","targetHints":{"allow":["GET"]}}],"collection":[{"href":"https:\/\/kainasto.fi\/wp-ylistaro\/wp-json\/wp\/v2\/pages"}],"about":[{"href":"https:\/\/kainasto.fi\/wp-ylistaro\/wp-json\/wp\/v2\/types\/page"}],"author":[{"embeddable":true,"href":"https:\/\/kainasto.fi\/wp-ylistaro\/wp-json\/wp\/v2\/users\/1"}],"replies":[{"embeddable":true,"href":"https:\/\/kainasto.fi\/wp-ylistaro\/wp-json\/wp\/v2\/comments?post=199"}],"version-history":[{"count":15,"href":"https:\/\/kainasto.fi\/wp-ylistaro\/wp-json\/wp\/v2\/pages\/199\/revisions"}],"predecessor-version":[{"id":243,"href":"https:\/\/kainasto.fi\/wp-ylistaro\/wp-json\/wp\/v2\/pages\/199\/revisions\/243"}],"wp:attachment":[{"href":"https:\/\/kainasto.fi\/wp-ylistaro\/wp-json\/wp\/v2\/media?parent=199"}],"curies":[{"name":"wp","href":"https:\/\/api.w.org\/{rel}","templated":true}]}}